{"id":603,"date":"2022-09-12T10:00:38","date_gmt":"2022-09-12T10:00:38","guid":{"rendered":"https:\/\/aliteo.com\/home\/"},"modified":"2026-03-18T11:38:18","modified_gmt":"2026-03-18T11:38:18","slug":"home","status":"publish","type":"page","link":"https:\/\/aliteo.com\/sk\/","title":{"rendered":"Ria\u010fte svoje t\u00edmy, projekty a service desk efekt\u00edvne."},"content":{"rendered":"","protected":false},"excerpt":{"rendered":"","protected":false},"author":1,"featured_media":0,"parent":0,"menu_order":0,"comment_status":"closed","ping_status":"closed","template":"","meta":{"_acf_changed":false,"inline_featured_image":false,"footnotes":""},"acf":[],"yoast_head":"<!-- This site is optimized with the Yoast SEO plugin v22.0 - https:\/\/yoast.com\/wordpress\/plugins\/seo\/ -->\n<title>Ria\u010fte svoje t\u00edmy, projekty a service desk efekt\u00edvne. - ALITEO<\/title>\n<meta name=\"robots\" content=\"index, follow, max-snippet:-1, max-image-preview:large, max-video-preview:-1\" \/>\n<link rel=\"canonical\" href=\"https:\/\/aliteo.com\/sk\/\" \/>\n<meta property=\"og:locale\" content=\"sk_SK\" \/>\n<meta property=\"og:type\" content=\"article\" \/>\n<meta property=\"og:title\" content=\"Ria\u010fte svoje t\u00edmy, projekty a service desk efekt\u00edvne. - ALITEO\" \/>\n<meta property=\"og:url\" content=\"https:\/\/aliteo.com\/sk\/\" \/>\n<meta property=\"og:site_name\" content=\"ALITEO\" \/>\n<meta property=\"article:modified_time\" content=\"2026-03-18T11:38:18+00:00\" \/>\n<meta name=\"twitter:card\" content=\"summary_large_image\" \/>\n<script type=\"application\/ld+json\" class=\"yoast-schema-graph\">{\"@context\":\"https:\/\/schema.org\",\"@graph\":[{\"@type\":\"WebPage\",\"@id\":\"https:\/\/aliteo.com\/sk\/\",\"url\":\"https:\/\/aliteo.com\/sk\/\",\"name\":\"Ria\u010fte svoje t\u00edmy, projekty a service desk efekt\u00edvne. - ALITEO\",\"isPartOf\":{\"@id\":\"https:\/\/aliteo.com\/#website\"},\"datePublished\":\"2022-09-12T10:00:38+00:00\",\"dateModified\":\"2026-03-18T11:38:18+00:00\",\"inLanguage\":\"sk-SK\",\"potentialAction\":[{\"@type\":\"ReadAction\",\"target\":[\"https:\/\/aliteo.com\/sk\/\"]}]},{\"@type\":\"WebSite\",\"@id\":\"https:\/\/aliteo.com\/#website\",\"url\":\"https:\/\/aliteo.com\/\",\"name\":\"ALITEO.com\",\"description\":\"Just another WordPress site\",\"potentialAction\":[{\"@type\":\"SearchAction\",\"target\":{\"@type\":\"EntryPoint\",\"urlTemplate\":\"https:\/\/aliteo.com\/?s={search_term_string}\"},\"query-input\":\"required name=search_term_string\"}],\"inLanguage\":\"sk-SK\"}]}<\/script>\n<!-- \/ Yoast SEO plugin. -->","yoast_head_json":{"title":"Ria\u010fte svoje t\u00edmy, projekty a service desk efekt\u00edvne. - ALITEO","robots":{"index":"index","follow":"follow","max-snippet":"max-snippet:-1","max-image-preview":"max-image-preview:large","max-video-preview":"max-video-preview:-1"},"canonical":"https:\/\/aliteo.com\/sk\/","og_locale":"sk_SK","og_type":"article","og_title":"Ria\u010fte svoje t\u00edmy, projekty a service desk efekt\u00edvne. - ALITEO","og_url":"https:\/\/aliteo.com\/sk\/","og_site_name":"ALITEO","article_modified_time":"2026-03-18T11:38:18+00:00","twitter_card":"summary_large_image","schema":{"@context":"https:\/\/schema.org","@graph":[{"@type":"WebPage","@id":"https:\/\/aliteo.com\/sk\/","url":"https:\/\/aliteo.com\/sk\/","name":"Ria\u010fte svoje t\u00edmy, projekty a service desk efekt\u00edvne. - ALITEO","isPartOf":{"@id":"https:\/\/aliteo.com\/#website"},"datePublished":"2022-09-12T10:00:38+00:00","dateModified":"2026-03-18T11:38:18+00:00","inLanguage":"sk-SK","potentialAction":[{"@type":"ReadAction","target":["https:\/\/aliteo.com\/sk\/"]}]},{"@type":"WebSite","@id":"https:\/\/aliteo.com\/#website","url":"https:\/\/aliteo.com\/","name":"ALITEO.com","description":"Just another WordPress site","potentialAction":[{"@type":"SearchAction","target":{"@type":"EntryPoint","urlTemplate":"https:\/\/aliteo.com\/?s={search_term_string}"},"query-input":"required name=search_term_string"}],"inLanguage":"sk-SK"}]}},"_links":{"self":[{"href":"https:\/\/aliteo.com\/sk\/wp-json\/wp\/v2\/pages\/603"}],"collection":[{"href":"https:\/\/aliteo.com\/sk\/wp-json\/wp\/v2\/pages"}],"about":[{"href":"https:\/\/aliteo.com\/sk\/wp-json\/wp\/v2\/types\/page"}],"author":[{"embeddable":true,"href":"https:\/\/aliteo.com\/sk\/wp-json\/wp\/v2\/users\/1"}],"replies":[{"embeddable":true,"href":"https:\/\/aliteo.com\/sk\/wp-json\/wp\/v2\/comments?post=603"}],"version-history":[{"count":23,"href":"https:\/\/aliteo.com\/sk\/wp-json\/wp\/v2\/pages\/603\/revisions"}],"predecessor-version":[{"id":5272,"href":"https:\/\/aliteo.com\/sk\/wp-json\/wp\/v2\/pages\/603\/revisions\/5272"}],"wp:attachment":[{"href":"https:\/\/aliteo.com\/sk\/wp-json\/wp\/v2\/media?parent=603"}],"curies":[{"name":"wp","href":"https:\/\/api.w.org\/{rel}","templated":true}]}}