{"id":5124,"date":"2026-01-23T14:37:33","date_gmt":"2026-01-23T14:37:33","guid":{"rendered":"https:\/\/aliteo.com\/?page_id=5124"},"modified":"2026-02-26T10:56:42","modified_gmt":"2026-02-26T10:56:42","slug":"cennik","status":"publish","type":"page","link":"https:\/\/aliteo.com\/sk\/cennik\/","title":{"rendered":"Cenn\u00edk"},"content":{"rendered":"","protected":false},"excerpt":{"rendered":"","protected":false},"author":5,"featured_media":0,"parent":0,"menu_order":0,"comment_status":"closed","ping_status":"closed","template":"","meta":{"_acf_changed":false,"inline_featured_image":false,"footnotes":""},"acf":[],"yoast_head":"<!-- This site is optimized with the Yoast SEO plugin v22.0 - https:\/\/yoast.com\/wordpress\/plugins\/seo\/ -->\n<title>Cenn\u00edk - ALITEO<\/title>\n<meta name=\"robots\" content=\"index, follow, max-snippet:-1, max-image-preview:large, max-video-preview:-1\" \/>\n<link rel=\"canonical\" href=\"https:\/\/aliteo.com\/sk\/cennik\/\" \/>\n<meta property=\"og:locale\" content=\"sk_SK\" \/>\n<meta property=\"og:type\" content=\"article\" \/>\n<meta property=\"og:title\" content=\"Cenn\u00edk | ALITEO\" \/>\n<meta property=\"og:description\" content=\"Porovnajte invest\u00edciu do n\u00e1stroja ALITEO a n\u00e1sledn\u00e9 mesa\u010dn\u00e9 \u00faspory n\u00e1kladov.\" \/>\n<meta property=\"og:url\" content=\"https:\/\/aliteo.com\/sk\/cennik\/\" \/>\n<meta property=\"og:site_name\" content=\"ALITEO\" \/>\n<meta property=\"article:modified_time\" content=\"2026-02-26T10:56:42+00:00\" \/>\n<meta property=\"og:image\" content=\"https:\/\/aliteo.com\/wp-content\/uploads\/2026\/01\/rozeni_projektu.png\" \/>\n<meta name=\"twitter:card\" content=\"summary_large_image\" \/>\n<script type=\"application\/ld+json\" class=\"yoast-schema-graph\">{\"@context\":\"https:\/\/schema.org\",\"@graph\":[{\"@type\":\"WebPage\",\"@id\":\"https:\/\/aliteo.com\/sk\/cennik\/\",\"url\":\"https:\/\/aliteo.com\/sk\/cennik\/\",\"name\":\"Cenn\u00edk - ALITEO\",\"isPartOf\":{\"@id\":\"https:\/\/aliteo.com\/#website\"},\"datePublished\":\"2026-01-23T14:37:33+00:00\",\"dateModified\":\"2026-02-26T10:56:42+00:00\",\"inLanguage\":\"sk-SK\",\"potentialAction\":[{\"@type\":\"ReadAction\",\"target\":[\"https:\/\/aliteo.com\/sk\/cennik\/\"]}]},{\"@type\":\"WebSite\",\"@id\":\"https:\/\/aliteo.com\/#website\",\"url\":\"https:\/\/aliteo.com\/\",\"name\":\"ALITEO.com\",\"description\":\"Just another WordPress site\",\"potentialAction\":[{\"@type\":\"SearchAction\",\"target\":{\"@type\":\"EntryPoint\",\"urlTemplate\":\"https:\/\/aliteo.com\/?s={search_term_string}\"},\"query-input\":\"required name=search_term_string\"}],\"inLanguage\":\"sk-SK\"}]}<\/script>\n<!-- \/ Yoast SEO plugin. -->","yoast_head_json":{"title":"Cenn\u00edk - ALITEO","robots":{"index":"index","follow":"follow","max-snippet":"max-snippet:-1","max-image-preview":"max-image-preview:large","max-video-preview":"max-video-preview:-1"},"canonical":"https:\/\/aliteo.com\/sk\/cennik\/","og_locale":"sk_SK","og_type":"article","og_title":"Cenn\u00edk | ALITEO","og_description":"Porovnajte invest\u00edciu do n\u00e1stroja ALITEO a n\u00e1sledn\u00e9 mesa\u010dn\u00e9 \u00faspory n\u00e1kladov.","og_url":"https:\/\/aliteo.com\/sk\/cennik\/","og_site_name":"ALITEO","article_modified_time":"2026-02-26T10:56:42+00:00","og_image":[{"url":"https:\/\/aliteo.com\/wp-content\/uploads\/2026\/01\/rozeni_projektu.png"}],"twitter_card":"summary_large_image","schema":{"@context":"https:\/\/schema.org","@graph":[{"@type":"WebPage","@id":"https:\/\/aliteo.com\/sk\/cennik\/","url":"https:\/\/aliteo.com\/sk\/cennik\/","name":"Cenn\u00edk - ALITEO","isPartOf":{"@id":"https:\/\/aliteo.com\/#website"},"datePublished":"2026-01-23T14:37:33+00:00","dateModified":"2026-02-26T10:56:42+00:00","inLanguage":"sk-SK","potentialAction":[{"@type":"ReadAction","target":["https:\/\/aliteo.com\/sk\/cennik\/"]}]},{"@type":"WebSite","@id":"https:\/\/aliteo.com\/#website","url":"https:\/\/aliteo.com\/","name":"ALITEO.com","description":"Just another WordPress site","potentialAction":[{"@type":"SearchAction","target":{"@type":"EntryPoint","urlTemplate":"https:\/\/aliteo.com\/?s={search_term_string}"},"query-input":"required name=search_term_string"}],"inLanguage":"sk-SK"}]}},"_links":{"self":[{"href":"https:\/\/aliteo.com\/sk\/wp-json\/wp\/v2\/pages\/5124"}],"collection":[{"href":"https:\/\/aliteo.com\/sk\/wp-json\/wp\/v2\/pages"}],"about":[{"href":"https:\/\/aliteo.com\/sk\/wp-json\/wp\/v2\/types\/page"}],"author":[{"embeddable":true,"href":"https:\/\/aliteo.com\/sk\/wp-json\/wp\/v2\/users\/5"}],"replies":[{"embeddable":true,"href":"https:\/\/aliteo.com\/sk\/wp-json\/wp\/v2\/comments?post=5124"}],"version-history":[{"count":17,"href":"https:\/\/aliteo.com\/sk\/wp-json\/wp\/v2\/pages\/5124\/revisions"}],"predecessor-version":[{"id":5252,"href":"https:\/\/aliteo.com\/sk\/wp-json\/wp\/v2\/pages\/5124\/revisions\/5252"}],"wp:attachment":[{"href":"https:\/\/aliteo.com\/sk\/wp-json\/wp\/v2\/media?parent=5124"}],"curies":[{"name":"wp","href":"https:\/\/api.w.org\/{rel}","templated":true}]}}