{"id":4309,"date":"2025-07-08T14:55:50","date_gmt":"2025-07-08T14:55:50","guid":{"rendered":"https:\/\/aliteo.com\/?page_id=4309"},"modified":"2025-11-07T08:25:13","modified_gmt":"2025-11-07T08:25:13","slug":"budujte-si-poziciu-vdaka-partnerstvu-s-aliteo","status":"publish","type":"page","link":"https:\/\/aliteo.com\/sk\/budujte-si-poziciu-vdaka-partnerstvu-s-aliteo\/","title":{"rendered":"Budujte si poz\u00edciu v\u010faka partnerstvu s ALITEO"},"content":{"rendered":"  <div class=\"nbe-container-start gray_bg border-bottom\">\n    <div class=\"container\" >  \n\n    <div class=\"nbe-space\" style=\"height:80px\"><\/div>\n  \n\n  <h2 class=\"nbe-small-title\">\n    partnerstv\u00ed  <\/h2>\n  \n\n<h1 class=\"has-text-align-center wp-block-post-title\">Budujte si poz\u00edciu v\u010faka partnerstvu s ALITEO<\/h1>\n\n\n<p class=\"has-text-align-center\">ALITEO je cloudov\u00fd syst\u00e9m na riadenie t\u00edmov, projektov, por\u00e1d a helpdesku.\u2028<br>Firm\u00e1m pom\u00e1ha automatizova\u0165 procesy a pracova\u0165 efekt\u00edvnej\u0161ie.&nbsp;<\/p>\n\n\n\n<p class=\"has-text-align-center\">Nie je to len n\u00e1stroj \u2013 je to va\u0161a vstupenka do dlhodob\u00fdch partnerstiev.<\/p>\n\n\n    <div class=\"nbe-space\" style=\"height:40px\"><\/div>\n  \n\n\n<div class=\"wp-block-columns is-layout-flex wp-container-core-columns-layout-1 wp-block-columns-is-layout-flex\">\n<div class=\"wp-block-column is-layout-flow wp-block-column-is-layout-flow\">    <div class=\"nbe-image-card gray\">\n              <div class=\"img\" style=\"background-image: url('https:\/\/aliteo.com\/wp-content\/uploads\/2025\/06\/ambasador-partner-1024x640.jpg')\"><\/div>\n            <div class=\"nbe-content\">\n        <h2>Ambas\u00e1dor<\/h2>        <p>Sp\u00e1jate firmy s rie\u0161en\u00edm, ktor\u00e9 \u0161etr\u00ed \u010das a zjednodu\u0161uje riadenie. Sta\u010d\u00ed odpor\u00fa\u010danie \u2013 o zvy\u0161ok sa postar\u00e1me. V\u00e1s \u010dak\u00e1 odmena a re\u0161pekt ako \u010dloveka, ktor\u00fd vie, \u010do funguje.<\/p>        <a class=\"btn\" href=\"https:\/\/aliteo.com\/sk\/aliteo-ambasador\/\">Viac inform\u00e1ci\u00ed<\/a>      <\/div>\n    <\/div>\n<\/div>\n\n\n\n<div class=\"wp-block-column is-layout-flow wp-block-column-is-layout-flow\">    <div class=\"nbe-image-card curry\">\n              <div class=\"img\" style=\"background-image: url('https:\/\/aliteo.com\/wp-content\/uploads\/2025\/06\/implementation-partner-1024x640.jpg')\"><\/div>\n            <div class=\"nbe-content\">\n        <h2>Implementa\u010dn\u00fd partner<\/h2>        <p>Pom\u00e1hate klientom s nasaden\u00edm a prisp\u00f4soben\u00edm ALITEO ich procesom.\u00a0 Z\u00edskavate prov\u00edziu z predaja licenci\u00ed + odmenu za implement\u00e1ciu.\u00a0<\/p>        <a class=\"btn\" href=\"https:\/\/aliteo.com\/sk\/implementacny-partner\/\">Viac inform\u00e1ci\u00ed<\/a>      <\/div>\n    <\/div>\n<\/div>\n<\/div>\n\n\n    <div class=\"nbe-space\" style=\"height:80px\"><\/div>\n  \n\n  <div class=\"nbe-container-end\"><\/div>\n  <\/div>    <\/div>  \n\n  <div class=\"nbe-container-start border-bottom\">\n    <div class=\"container\" >  \n\n    <div class=\"nbe-space\" style=\"height:80px\"><\/div>\n  \n\n\n<div class=\"wp-block-columns is-layout-flex wp-container-core-columns-layout-2 wp-block-columns-is-layout-flex\">\n<div class=\"wp-block-column is-layout-flow wp-block-column-is-layout-flow\">\n<h2 class=\"wp-block-heading\">Pre\u010do sa sta\u0165 ALITEO partnerom?<\/h2>\n\n\n\n<p>Pom\u00e1hate klientom s nasaden\u00edm <br>a prisp\u00f4soben\u00edm ALITEO ich procesom.<\/p>\n\n\n    <div class=\"nbe-space\" style=\"height:40px\"><\/div>\n  \n\n<ul class=\"nbe-list-checkmark\"><li><p class=\"title\"><strong>Ste u\u017eito\u010dn\u00fd<\/strong><\/p><p class=\"txt\">Pom\u00e1hate klientom digitalizova\u0165 procesy a workflow<\/p><\/li><li><p class=\"title\"><strong>Cenn\u00e9 vz\u0165ahy<\/strong><\/p><p class=\"txt\">Budujete si dlhodob\u00e9 vz\u0165ahy a posil\u0148ujete svoj expert\u00edzu<\/p><\/li><li><p class=\"title\"><strong>\u017diadne programovanie<\/strong><\/p><p class=\"txt\">v\u0161etko je o optimaliz\u00e1cii procesov<\/p><\/li><li><p class=\"title\"><strong>Pravideln\u00fd pr\u00edjem<\/strong><\/p><p class=\"txt\">Z\u00edskavate stabiln\u00fd pr\u00edjem z prov\u00edzi\u00ed a nov\u00fdch spolupr\u00e1c\u00a0<\/p><\/li><li><p class=\"title\"><strong>Ste n\u00e1pomocn\u00fd<\/strong><\/p><p class=\"txt\">Mo\u017enos\u0165 ovplyvni\u0165 v\u00fdvoj ALITEO a nov\u00e9 funkcionality<\/p><\/li><\/ul><\/div>\n\n\n\n<div class=\"wp-block-column is-layout-flow wp-block-column-is-layout-flow\">    <div class=\"nbe-space\" style=\"height:90px\"><\/div>\n  \n\n\n<figure class=\"wp-block-image size-full\"><img loading=\"lazy\" decoding=\"async\" width=\"960\" height=\"892\" src=\"https:\/\/aliteo.com\/wp-content\/uploads\/2025\/06\/aliteo-partner.png\" alt=\"\" class=\"wp-image-3930\" srcset=\"https:\/\/aliteo.com\/wp-content\/uploads\/2025\/06\/aliteo-partner.png 960w, https:\/\/aliteo.com\/wp-content\/uploads\/2025\/06\/aliteo-partner-300x279.png 300w, https:\/\/aliteo.com\/wp-content\/uploads\/2025\/06\/aliteo-partner-768x714.png 768w\" sizes=\"(max-width: 960px) 100vw, 960px\" \/><\/figure>\n<\/div>\n<\/div>\n\n\n    <div class=\"nbe-space\" style=\"height:80px\"><\/div>\n  \n\n  <div class=\"nbe-container-end\"><\/div>\n  <\/div>    <\/div>  \n\n  <div class=\"nbe-container-start\">\n    <div class=\"container\" >  \n\n    <div class=\"nbe-space\" style=\"height:80px\"><\/div>\n  \n\n  <h2 class=\"nbe-small-title\">\n    ALITEO pou\u017e\u00edvaj\u00fa men\u0161ie firmy aj ve\u013ek\u00e9 korpor\u00e1cie.  <\/h2>\n  \n\n    <div class=\"nbe-space\" style=\"height:80px\"><\/div>\n  \n\n                    <div class=\"nbe-references large\">\n                                            <div class=\"nbe-logo\"><img decoding=\"async\" src=\"https:\/\/aliteo.com\/wp-content\/uploads\/2022\/11\/rudos.png\"><\/div>\n                                            <div class=\"nbe-logo\"><img decoding=\"async\" src=\"https:\/\/aliteo.com\/wp-content\/uploads\/2024\/11\/lunys_logo_aliteo.png\"><\/div>\n                                            <div class=\"nbe-logo\"><img decoding=\"async\" src=\"https:\/\/aliteo.com\/wp-content\/uploads\/2024\/11\/ice_logo.png\"><\/div>\n                                            <div class=\"nbe-logo\"><img decoding=\"async\" src=\"https:\/\/aliteo.com\/wp-content\/uploads\/2022\/11\/KSW.png\"><\/div>\n                                            <div class=\"nbe-logo\"><img decoding=\"async\" src=\"https:\/\/aliteo.com\/wp-content\/uploads\/2022\/11\/logo-BAL-3.png\"><\/div>\n                                            <div class=\"nbe-logo\"><img decoding=\"async\" src=\"https:\/\/aliteo.com\/wp-content\/uploads\/2022\/11\/respect.png\"><\/div>\n                                            <div class=\"nbe-logo\"><img decoding=\"async\" src=\"https:\/\/aliteo.com\/wp-content\/uploads\/2025\/11\/Logo_PLANTEX_web_aliteo-2.png\"><\/div>\n                                            <div class=\"nbe-logo\"><img decoding=\"async\" src=\"https:\/\/aliteo.com\/wp-content\/uploads\/2025\/04\/ChatGPT-Image-7.-4.-2025-13_16_15.png\"><\/div>\n                                            <div class=\"nbe-logo\"><img decoding=\"async\" src=\"https:\/\/aliteo.com\/wp-content\/uploads\/2025\/06\/conteg_aliteo.png\"><\/div>\n                                            <div class=\"nbe-logo\"><img decoding=\"async\" src=\"https:\/\/aliteo.com\/wp-content\/uploads\/2025\/06\/NCLINE-logo_aliteo.png\"><\/div>\n                                            <div class=\"nbe-logo\"><img decoding=\"async\" src=\"https:\/\/aliteo.com\/wp-content\/uploads\/2025\/04\/mapemi_aliteo.png\"><\/div>\n                                            <div class=\"nbe-logo\"><img decoding=\"async\" src=\"https:\/\/aliteo.com\/wp-content\/uploads\/2025\/07\/primagas_bw.png\"><\/div>\n                    <\/div>\n        \n\n    <div class=\"nbe-space\" style=\"height:80px\"><\/div>\n  \n\n  <div class=\"nbe-container-end\"><\/div>\n  <\/div>    <\/div>  ","protected":false},"excerpt":{"rendered":"<p>ALITEO je cloudov\u00fd syst\u00e9m na riadenie t\u00edmov, projektov, por\u00e1d a helpdesku.\u2028Firm\u00e1m pom\u00e1ha automatizova\u0165 procesy a pracova\u0165 efekt\u00edvnej\u0161ie.&nbsp; Nie je to len n\u00e1stroj \u2013 je to [&hellip;]<\/p>\n","protected":false},"author":2,"featured_media":0,"parent":0,"menu_order":0,"comment_status":"closed","ping_status":"closed","template":"","meta":{"_acf_changed":false,"inline_featured_image":false,"footnotes":""},"acf":[],"yoast_head":"<!-- This site is optimized with the Yoast SEO plugin v22.0 - https:\/\/yoast.com\/wordpress\/plugins\/seo\/ -->\n<title>Budujte si poz\u00edciu v\u010faka partnerstvu s ALITEO - ALITEO<\/title>\n<meta name=\"robots\" content=\"index, follow, max-snippet:-1, max-image-preview:large, max-video-preview:-1\" \/>\n<link rel=\"canonical\" href=\"https:\/\/aliteo.com\/sk\/budujte-si-poziciu-vdaka-partnerstvu-s-aliteo\/\" \/>\n<meta property=\"og:locale\" content=\"sk_SK\" \/>\n<meta property=\"og:type\" content=\"article\" \/>\n<meta property=\"og:title\" content=\"Budujte si poz\u00edciu v\u010faka partnerstvu s ALITEO - ALITEO\" \/>\n<meta property=\"og:description\" content=\"ALITEO je cloudov\u00fd syst\u00e9m na riadenie t\u00edmov, projektov, por\u00e1d a helpdesku.\u2028Firm\u00e1m pom\u00e1ha automatizova\u0165 procesy a pracova\u0165 efekt\u00edvnej\u0161ie.&nbsp; Nie je to len n\u00e1stroj \u2013 je to [&hellip;]\" \/>\n<meta property=\"og:url\" content=\"https:\/\/aliteo.com\/sk\/budujte-si-poziciu-vdaka-partnerstvu-s-aliteo\/\" \/>\n<meta property=\"og:site_name\" content=\"ALITEO\" \/>\n<meta property=\"article:modified_time\" content=\"2025-11-07T08:25:13+00:00\" \/>\n<meta property=\"og:image\" content=\"https:\/\/aliteo.com\/wp-content\/uploads\/2025\/06\/aliteo-partner.png\" \/>\n<meta name=\"twitter:card\" content=\"summary_large_image\" \/>\n<meta name=\"twitter:label1\" content=\"Predpokladan\u00fd \u010das \u010d\u00edtania\" \/>\n\t<meta name=\"twitter:data1\" content=\"1 min\u00fata\" \/>\n<script type=\"application\/ld+json\" class=\"yoast-schema-graph\">{\"@context\":\"https:\/\/schema.org\",\"@graph\":[{\"@type\":\"WebPage\",\"@id\":\"https:\/\/aliteo.com\/sk\/budujte-si-poziciu-vdaka-partnerstvu-s-aliteo\/\",\"url\":\"https:\/\/aliteo.com\/sk\/budujte-si-poziciu-vdaka-partnerstvu-s-aliteo\/\",\"name\":\"Budujte si poz\u00edciu v\u010faka partnerstvu s ALITEO - ALITEO\",\"isPartOf\":{\"@id\":\"https:\/\/aliteo.com\/#website\"},\"datePublished\":\"2025-07-08T14:55:50+00:00\",\"dateModified\":\"2025-11-07T08:25:13+00:00\",\"inLanguage\":\"sk-SK\",\"potentialAction\":[{\"@type\":\"ReadAction\",\"target\":[\"https:\/\/aliteo.com\/sk\/budujte-si-poziciu-vdaka-partnerstvu-s-aliteo\/\"]}]},{\"@type\":\"WebSite\",\"@id\":\"https:\/\/aliteo.com\/#website\",\"url\":\"https:\/\/aliteo.com\/\",\"name\":\"ALITEO.com\",\"description\":\"Just another WordPress site\",\"potentialAction\":[{\"@type\":\"SearchAction\",\"target\":{\"@type\":\"EntryPoint\",\"urlTemplate\":\"https:\/\/aliteo.com\/?s={search_term_string}\"},\"query-input\":\"required name=search_term_string\"}],\"inLanguage\":\"sk-SK\"}]}<\/script>\n<!-- \/ Yoast SEO plugin. -->","yoast_head_json":{"title":"Budujte si poz\u00edciu v\u010faka partnerstvu s ALITEO - ALITEO","robots":{"index":"index","follow":"follow","max-snippet":"max-snippet:-1","max-image-preview":"max-image-preview:large","max-video-preview":"max-video-preview:-1"},"canonical":"https:\/\/aliteo.com\/sk\/budujte-si-poziciu-vdaka-partnerstvu-s-aliteo\/","og_locale":"sk_SK","og_type":"article","og_title":"Budujte si poz\u00edciu v\u010faka partnerstvu s ALITEO - ALITEO","og_description":"ALITEO je cloudov\u00fd syst\u00e9m na riadenie t\u00edmov, projektov, por\u00e1d a helpdesku.\u2028Firm\u00e1m pom\u00e1ha automatizova\u0165 procesy a pracova\u0165 efekt\u00edvnej\u0161ie.&nbsp; Nie je to len n\u00e1stroj \u2013 je to [&hellip;]","og_url":"https:\/\/aliteo.com\/sk\/budujte-si-poziciu-vdaka-partnerstvu-s-aliteo\/","og_site_name":"ALITEO","article_modified_time":"2025-11-07T08:25:13+00:00","og_image":[{"url":"https:\/\/aliteo.com\/wp-content\/uploads\/2025\/06\/aliteo-partner.png"}],"twitter_card":"summary_large_image","twitter_misc":{"Predpokladan\u00fd \u010das \u010d\u00edtania":"1 min\u00fata"},"schema":{"@context":"https:\/\/schema.org","@graph":[{"@type":"WebPage","@id":"https:\/\/aliteo.com\/sk\/budujte-si-poziciu-vdaka-partnerstvu-s-aliteo\/","url":"https:\/\/aliteo.com\/sk\/budujte-si-poziciu-vdaka-partnerstvu-s-aliteo\/","name":"Budujte si poz\u00edciu v\u010faka partnerstvu s ALITEO - ALITEO","isPartOf":{"@id":"https:\/\/aliteo.com\/#website"},"datePublished":"2025-07-08T14:55:50+00:00","dateModified":"2025-11-07T08:25:13+00:00","inLanguage":"sk-SK","potentialAction":[{"@type":"ReadAction","target":["https:\/\/aliteo.com\/sk\/budujte-si-poziciu-vdaka-partnerstvu-s-aliteo\/"]}]},{"@type":"WebSite","@id":"https:\/\/aliteo.com\/#website","url":"https:\/\/aliteo.com\/","name":"ALITEO.com","description":"Just another WordPress site","potentialAction":[{"@type":"SearchAction","target":{"@type":"EntryPoint","urlTemplate":"https:\/\/aliteo.com\/?s={search_term_string}"},"query-input":"required name=search_term_string"}],"inLanguage":"sk-SK"}]}},"_links":{"self":[{"href":"https:\/\/aliteo.com\/sk\/wp-json\/wp\/v2\/pages\/4309"}],"collection":[{"href":"https:\/\/aliteo.com\/sk\/wp-json\/wp\/v2\/pages"}],"about":[{"href":"https:\/\/aliteo.com\/sk\/wp-json\/wp\/v2\/types\/page"}],"author":[{"embeddable":true,"href":"https:\/\/aliteo.com\/sk\/wp-json\/wp\/v2\/users\/2"}],"replies":[{"embeddable":true,"href":"https:\/\/aliteo.com\/sk\/wp-json\/wp\/v2\/comments?post=4309"}],"version-history":[{"count":8,"href":"https:\/\/aliteo.com\/sk\/wp-json\/wp\/v2\/pages\/4309\/revisions"}],"predecessor-version":[{"id":4598,"href":"https:\/\/aliteo.com\/sk\/wp-json\/wp\/v2\/pages\/4309\/revisions\/4598"}],"wp:attachment":[{"href":"https:\/\/aliteo.com\/sk\/wp-json\/wp\/v2\/media?parent=4309"}],"curies":[{"name":"wp","href":"https:\/\/api.w.org\/{rel}","templated":true}]}}