{"id":4302,"date":"2025-07-07T12:23:48","date_gmt":"2025-07-07T12:23:48","guid":{"rendered":"https:\/\/aliteo.com\/?page_id=4302"},"modified":"2025-08-14T11:18:41","modified_gmt":"2025-08-14T11:18:41","slug":"implementacny-partner","status":"publish","type":"page","link":"https:\/\/aliteo.com\/sk\/implementacny-partner\/","title":{"rendered":"Implementa\u010dny partner"},"content":{"rendered":"            <div class=\"nbe-cols-image-card-bg curry\">\n                    <div class=\"absolute-img-right\" style=\"background-image: url('https:\/\/aliteo.com\/wp-content\/uploads\/2025\/06\/implementation-partner-1024x640.jpg')\">\n                <img decoding=\"async\" class=\"img-wave\" src=\"https:\/\/aliteo.com\/wp-content\/plugins\/new-block-elements\/nbe_image\/vlnka.png\" alt=\"vlnka\">\n            <\/div>\n                <div class=\"max-width-center\">\n            <div class=\"nbe-inner-content\">\n            <a class=\"btn-anchor\" href=\"https:\/\/aliteo.com\/sk\/budujte-si-poziciu-vdaka-partnerstvu-s-aliteo\/\">Zp\u00e4\u0165 na partnerstvo<\/a>                                                <h1>Implementacny partner<\/h1>\n                                <p>Roz\u0161\u00edrte svoje portf\u00f3lio o n\u00e1stroj, ktor\u00fd z\u00e1kazn\u00edkom naozaj men\u00ed fungovanie.\r\nSta\u0148te sa implementa\u010dn\u00fdm partnerom ALITEO.<\/p>                        <\/div>\n        <\/div>\n\n\n    <\/div>\n    \n\n  <div class=\"nbe-container-start border-bottom\">\n    <div class=\"container\" >  \n\n    <div class=\"nbe-space\" style=\"height:120px\"><\/div>\n  \n\n\n<div class=\"wp-block-columns is-layout-flex wp-container-core-columns-layout-1 wp-block-columns-is-layout-flex\">\n<div class=\"wp-block-column is-layout-flow wp-block-column-is-layout-flow\">\n<figure class=\"wp-block-image size-large\"><img loading=\"lazy\" decoding=\"async\" width=\"1024\" height=\"437\" src=\"https:\/\/aliteo.com\/wp-content\/uploads\/2025\/06\/dva-pocitace-1024x437.png\" alt=\"\" class=\"wp-image-4057\" srcset=\"https:\/\/aliteo.com\/wp-content\/uploads\/2025\/06\/dva-pocitace-1024x437.png 1024w, https:\/\/aliteo.com\/wp-content\/uploads\/2025\/06\/dva-pocitace-300x128.png 300w, https:\/\/aliteo.com\/wp-content\/uploads\/2025\/06\/dva-pocitace-768x328.png 768w, https:\/\/aliteo.com\/wp-content\/uploads\/2025\/06\/dva-pocitace.png 1200w\" sizes=\"(max-width: 1024px) 100vw, 1024px\" \/><\/figure>\n<\/div>\n\n\n\n<div class=\"wp-block-column is-layout-flow wp-block-column-is-layout-flow\">\n<p>Firmy dnes neh\u013eadaj\u00fa len softv\u00e9r \u2013 chc\u00fa rie\u0161enia, ktor\u00e9 im pom\u00f4\u017eu pre\u017ei\u0165 digitaliz\u00e1ciu, zefekt\u00edvni\u0165 spolupr\u00e1cu t\u00edmov a kone\u010dne zavies\u0165 poriadok do projektov, \u00faloh a komunik\u00e1cie.<\/p>\n\n\n\n<p>Ako implementa\u010dn\u00fd partner viete, \u017ee z\u00e1kazn\u00edk \u010dasto potrebuje viac, ne\u017e len \u201enasadi\u0165 syst\u00e9m\u201c. Potrebuje vedenie, d\u00e1ta, \u0161trukt\u00faru, automatiz\u00e1cie a hlavne v\u00fdsledky, ktor\u00e9 vydr\u017eia.<\/p>\n\n\n\n<p><strong>Sta\u0148te sa implementa\u010dn\u00fdm partnerom ALITEO. Komplexn\u00e9 rie\u0161enie pre riadenie projektov, t\u00edmov a helpdesku<\/strong><\/p>\n<\/div>\n<\/div>\n\n\n    <div class=\"nbe-space\" style=\"height:120px\"><\/div>\n  \n\n  <div class=\"nbe-container-end\"><\/div>\n  <\/div>    <\/div>  \n\n  <div class=\"nbe-container-start border-bottom\">\n    <div class=\"container\" >  \n\n    <div class=\"nbe-space\" style=\"height:80px\"><\/div>\n  \n\n\n<h2 class=\"wp-block-heading has-text-align-center\">Pre\u010do zaradi\u0165 ALITEO do v\u00e1\u0161ho portf\u00f3lia?<\/h2>\n\n\n    <div class=\"nbe-space\" style=\"height:60px\"><\/div>\n  \n\n\n<div class=\"wp-block-columns is-layout-flex wp-container-core-columns-layout-2 wp-block-columns-is-layout-flex\">\n<div class=\"wp-block-column is-layout-flow wp-block-column-is-layout-flow\">    \n    <div class=\"nbe-icon-card curry\">\n              <div class=\"img\">\n          <img decoding=\"async\" src=\"https:\/\/aliteo.com\/wp-content\/uploads\/2025\/06\/siet-ico-curry.svg\" alt=\"\">\n        <\/div>\n            <h2>Jeden n\u00e1stroj,<br> zvl\u00e1dne v\u0161etko<\/h2>      <p>Ide\u00e1lny pre stredne ve\u013ek\u00e9 a v\u00e4\u010d\u0161ie firmy, ktor\u00e9 nechc\u00fa pou\u017e\u00edva\u0165 3 r\u00f4zne n\u00e1stroje<\/p>    <\/div>\n<\/div>\n\n\n\n<div class=\"wp-block-column is-layout-flow wp-block-column-is-layout-flow\">    \n    <div class=\"nbe-icon-card curry\">\n              <div class=\"img\">\n          <img decoding=\"async\" src=\"https:\/\/aliteo.com\/wp-content\/uploads\/2025\/06\/monitor-ico-curry.svg\" alt=\"\">\n        <\/div>\n            <h2>Flexibiln\u00fd <br> syst\u00e9m<\/h2>      <p>Syst\u00e9m, ktor\u00fd podporuje aj klasick\u00e9 aj agiln\u00e9 riadenie (Gantt, Kanban, backlog, helpdesk\u2026)<\/p>    <\/div>\n<\/div>\n\n\n\n<div class=\"wp-block-column is-layout-flow wp-block-column-is-layout-flow\">    \n    <div class=\"nbe-icon-card curry\">\n              <div class=\"img\">\n          <img decoding=\"async\" src=\"https:\/\/aliteo.com\/wp-content\/uploads\/2025\/06\/penazenka-ico-curry.svg\" alt=\"\">\n        <\/div>\n            <h2>Priate\u013esk\u00fd licen\u010dn\u00fd model<\/h2>      <p>Licen\u010dn\u00fd model priate\u013esk\u00fd k partnerom \u2013 z\u00edskavate opakovan\u00fd pr\u00edjem<\/p>    <\/div>\n<\/div>\n\n\n\n<div class=\"wp-block-column is-layout-flow wp-block-column-is-layout-flow\">    \n    <div class=\"nbe-icon-card curry\">\n              <div class=\"img\">\n          <img decoding=\"async\" src=\"https:\/\/aliteo.com\/wp-content\/uploads\/2025\/06\/dvere-ico-curry.svg\" alt=\"\">\n        <\/div>\n            <h2>Otv\u00e1ra v\u00e1m <br> nov\u00e9 dvere<\/h2>      <p>V\u010faka mo\u017enosti pon\u00faknu\u0165 modern\u00fd cloudov\u00fd syst\u00e9m, ktor\u00fd je pripraven\u00fd na integr\u00e1cie<\/p>    <\/div>\n<\/div>\n<\/div>\n\n\n    <div class=\"nbe-space\" style=\"height:80px\"><\/div>\n  \n\n  <div class=\"nbe-container-end\"><\/div>\n  <\/div>    <\/div>  \n\n  <div class=\"nbe-container-start gray_bg\">\n    <div class=\"container\" >  \n\n    <div class=\"nbe-space\" style=\"height:60px\"><\/div>\n  \n\n      <blockquote class=\"nbe-testimonial large\">\n      <p>\u201eALITEO n\u00e1m v\u00fdborne zapadlo do n\u00e1\u0161ho obchodn\u00e9ho modelu. Pom\u00e1ha n\u00e1m otv\u00e1ra\u0165 dvere tam, kde by inak rozhovor za\u010d\u00ednal \u0165a\u017eko, digitaliz\u00e1ciu dnes rie\u0161i ka\u017ed\u00e1 firma. Ale nie je to len n\u00e1stroj na rozkopnutie dver\u00ed. ALITEO prin\u00e1\u0161a klientom re\u00e1lnu hodnotu a n\u00e1m pom\u00e1ha pred\u00e1va\u0165 na\u0161e k\u013e\u00fa\u010dov\u00e9 slu\u017eby v spr\u00e1vnom \u010dase a kontexte.\u201d<\/p>\n      <cite>\n                  <img decoding=\"async\" class=\"nbe-author-company\" src=\"https:\/\/aliteo.com\/wp-content\/uploads\/2025\/06\/implementation-partner-logo.png\" alt=\"\">\n                          <img decoding=\"async\" class=\"nbe-author-img\" src=\"https:\/\/aliteo.com\/wp-content\/uploads\/2025\/07\/implementacni.png\" alt=\"\">\n                  <div class=\"author-info\">\n              <span class=\"nbe-name\">Adam Kone\u010dn\u00fd<\/span>\n              <span class=\"nbe-company\">Partner<\/span>\n          <\/div>\n      <\/cite>\n    <\/blockquote>\n  \n\n    <div class=\"nbe-space\" style=\"height:60px\"><\/div>\n  \n\n  <div class=\"nbe-container-end\"><\/div>\n  <\/div>    <\/div>  \n\n\n<figure class=\"wp-block-image size-full\"><img loading=\"lazy\" decoding=\"async\" width=\"3840\" height=\"1824\" src=\"https:\/\/aliteo.com\/wp-content\/uploads\/2025\/07\/Impolementation.png\" alt=\"\" class=\"wp-image-4266\" srcset=\"https:\/\/aliteo.com\/wp-content\/uploads\/2025\/07\/Impolementation.png 3840w, https:\/\/aliteo.com\/wp-content\/uploads\/2025\/07\/Impolementation-300x143.png 300w, https:\/\/aliteo.com\/wp-content\/uploads\/2025\/07\/Impolementation-1024x486.png 1024w, https:\/\/aliteo.com\/wp-content\/uploads\/2025\/07\/Impolementation-768x365.png 768w, https:\/\/aliteo.com\/wp-content\/uploads\/2025\/07\/Impolementation-1536x730.png 1536w, https:\/\/aliteo.com\/wp-content\/uploads\/2025\/07\/Impolementation-2048x973.png 2048w\" sizes=\"(max-width: 3840px) 100vw, 3840px\" \/><\/figure>\n\n\n  <div class=\"nbe-container-start border-bottom\">\n    <div class=\"container\" >  \n\n    <div class=\"nbe-space\" style=\"height:80px\"><\/div>\n  \n\n\n<h2 class=\"wp-block-heading has-text-align-center\">Pre koho je ALITEO ide\u00e1lne?<\/h2>\n\n\n    <div class=\"nbe-space\" style=\"height:60px\"><\/div>\n  \n\n        <div class=\"nbe-cols-image-card image-left\">\n      <div class=\"content\">\n        <h2>H\u013ead\u00e1te ide\u00e1lne doplnenie v\u00e1\u0161ho implementa\u010dn\u00e9ho portf\u00f3lia<\/h2>        <p>Ak rob\u00edte implement\u00e1cie ERP, CRM, doch\u00e1dzkov\u00fdch alebo \u00fa\u010dtovn\u00fdch syst\u00e9mov \u2013 ALITEO v\u00fdborne dop\u013a\u0148a va\u0161e portf\u00f3lio. \u010casto sa st\u00e1va, \u017ee klienti po \u00faspe\u0161nej implement\u00e1cii hlavn\u00e9ho syst\u00e9mu potrebuj\u00fa n\u00e1stroje na projektov\u00e9 riadenie a koordin\u00e1ciu t\u00edmov, ktor\u00e9 \u0161tandardn\u00e9 podnikov\u00e9 syst\u00e9my nepokr\u00fdvaj\u00fa dostato\u010dne.<\/p>                      <\/div>\n      <div class=\"img-container curry\">\n                              <img decoding=\"async\" src=\"https:\/\/aliteo.com\/wp-content\/uploads\/2025\/06\/lukas-novacek-1024x683.jpg\" alt=\"\">\n                        <\/div>\n    <\/div>\n  \n\n        <div class=\"nbe-cols-image-card image-right\">\n      <div class=\"content\">\n        <h2>Chcete roz\u0161\u00ed\u0159it svoje softv\u00e9rov\u00e9 rie\u0161enie o komplexn\u00e9 projektov\u00e9 n\u00e1stroje<\/h2>        <p>H\u013ead\u00e1te sp\u00f4sob, ako z\u00e1kazn\u00edkovi pon\u00faknu\u0165 projektov\u00e9 riadenie, helpdesk alebo t\u00edmov\u00fa spolupr\u00e1cu \u2013 ALITEO sa vie s va\u0161\u00edm rie\u0161en\u00edm prepoji\u0165. Pomocou na\u0161ich API rozhranie a integra\u010dn\u00fdch n\u00e1strojov m\u00f4\u017eete roz\u0161\u00edri\u0165 funkcionalitu v\u00e1\u0161ho produktu bez potreby vyv\u00edja\u0165 tieto moduly od za\u010diatku.<\/p>                      <\/div>\n      <div class=\"img-container curry\">\n                              <img decoding=\"async\" src=\"https:\/\/aliteo.com\/wp-content\/uploads\/2025\/06\/jana-sykorova-foto-1024x683.jpg\" alt=\"\">\n                        <\/div>\n    <\/div>\n  \n\n        <div class=\"nbe-cols-image-card image-left\">\n      <div class=\"content\">\n        <h2>M\u00e1te vlastn\u00e9 konzulta\u010dn\u00e9 t\u00edmy, ktor\u00e9 pom\u00e1haj\u00fa firm\u00e1m<\/h2>        <p>Va\u0161i klienti z\u00edskaj\u00fa nielen odpor\u00fa\u010dania, ale aj hotov\u00fd syst\u00e9m na ich realiz\u00e1ciu. M\u00f4\u017eete sledova\u0165 pokrok implement\u00e1cie v re\u00e1lnom \u010dase a poskytova\u0165 kontinu\u00e1lnu podporu tam, kde je potrebn\u00e1. V\u00fdsledkom je vy\u0161\u0161ia spokojnos\u0165 klientov a merate\u013en\u00e9 v\u00fdsledky va\u0161ej konzulta\u010dnej pr\u00e1ce.<\/p>                      <\/div>\n      <div class=\"img-container curry\">\n                              <img decoding=\"async\" src=\"https:\/\/aliteo.com\/wp-content\/uploads\/2025\/06\/lukas-novacek-1024x683.jpg\" alt=\"\">\n                        <\/div>\n    <\/div>\n  \n\n    <div class=\"nbe-space\" style=\"height:80px\"><\/div>\n  \n\n  <div class=\"nbe-container-end\"><\/div>\n  <\/div>    <\/div>  \n\n  <div class=\"nbe-container-start\">\n    <div class=\"container\" >  \n\n    <div class=\"nbe-space\" style=\"height:80px\"><\/div>\n  \n\n\n<div class=\"wp-block-columns is-layout-flex wp-container-core-columns-layout-3 wp-block-columns-is-layout-flex\">\n<div class=\"wp-block-column is-layout-flow wp-block-column-is-layout-flow\" style=\"flex-basis:66.66%\">\n<h3 class=\"wp-block-heading\">\u00dasp\u011b\u0161n\u00e9 p\u0159\u00edb\u011bhy na\u0161ich partner\u016f<\/h3>\n<\/div>\n\n\n\n<div class=\"wp-block-column is-layout-flow wp-block-column-is-layout-flow\" style=\"flex-basis:33.33%\">  <div class=\"nbe-arrow-anchor align-right\">\n          <a href=\"#\">V\u0161echny reference<\/a>\n      <\/div>\n  <\/div>\n<\/div>\n\n\n\n<div class=\"wp-block-columns is-layout-flex wp-container-core-columns-layout-4 wp-block-columns-is-layout-flex\">\n<div class=\"wp-block-column is-layout-flow wp-block-column-is-layout-flow\">    <div class=\"nbe-reference-card\">\n                \n                                        <a href=\"https:\/\/aliteo.com\/sk\/reference\/ako-v-karat-software-pouzivaju-aliteo\/\">\n                <div class=\"nbe-ref-img\" style=\"background-image: url('https:\/\/aliteo.com\/wp-content\/uploads\/2025\/04\/reference_karat.png')\"><\/div>\n                <div class=\"nbe-desc\">\n                                                                <img decoding=\"async\" class=\"logo\" src=\"https:\/\/aliteo.com\/wp-content\/uploads\/2022\/09\/karat-software-horizontalni-2.jpg\" alt=\"logo\">\n                                        <div>\n                        <h3>Ako v KARAT Software pou\u017e\u00edvaj\u00fa ALITEO<\/h3>\n                                                    <a href=\"https:\/\/aliteo.com\/sk\/reference\/ako-v-karat-software-pouzivaju-aliteo\/\" class=\"btn\">P\u0159e\u010d\u00edst p\u0159\u00edpadovou studii<\/a>\n                                            <\/div>\n                <\/div>\n            <\/a>\n\n                                    <\/div>\n    <\/div>\n\n\n\n<div class=\"wp-block-column is-layout-flow wp-block-column-is-layout-flow\">    <div class=\"nbe-reference-card\">\n                \n                                        <a href=\"https:\/\/aliteo.com\/sk\/reference\/elton-hodinarska-a-aliteo-moderni-projektove-rizeni-v-srdci-ceske-tradice\/\">\n                <div class=\"nbe-ref-img\" style=\"background-image: url('https:\/\/aliteo.com\/wp-content\/uploads\/2025\/04\/1920_903_chrono_le_banner_1.jpg')\"><\/div>\n                <div class=\"nbe-desc\">\n                                                                <img decoding=\"async\" class=\"logo\" src=\"https:\/\/aliteo.com\/wp-content\/uploads\/2025\/04\/prim.png\" alt=\"logo\">\n                                        <div>\n                        <h3>Tradi\u010dn\u00ed v\u00fdrobce hodinek PRIM digitalizuje procesy d\u00edky ALITEO<\/h3>\n                                                    <a href=\"https:\/\/aliteo.com\/sk\/reference\/elton-hodinarska-a-aliteo-moderni-projektove-rizeni-v-srdci-ceske-tradice\/\" class=\"btn\">P\u0159e\u010d\u00edst p\u0159\u00edpadovou studii<\/a>\n                                            <\/div>\n                <\/div>\n            <\/a>\n\n                                    <\/div>\n    <\/div>\n<\/div>\n\n\n    <div class=\"nbe-space\" style=\"height:80px\"><\/div>\n  \n\n  <div class=\"nbe-container-end\"><\/div>\n  <\/div>    <\/div>  \n\n  <div class=\"nbe-container-start curry_bg\">\n    <div class=\"container\" >  \n\n    <div class=\"nbe-space\" style=\"height:80px\"><\/div>\n  \n\n\n<div class=\"wp-block-columns is-layout-flex wp-container-core-columns-layout-5 wp-block-columns-is-layout-flex\">\n<div class=\"wp-block-column is-layout-flow wp-block-column-is-layout-flow\">    <div class=\"nbe-form\">\n              <div class=\"img\">\n          <img decoding=\"async\" src=\"https:\/\/aliteo.com\/wp-content\/uploads\/2025\/06\/aliteo-ambasador-partner-logo.png\" alt=\"\">\n        <\/div>\n            <h2>Pridajte sa k expertom, ktor\u00ed pom\u00e1haj\u00fa firm\u00e1m r\u00e1s\u0165.<\/h2>      <p class=\"content\">ALITEO v\u00e1m pom\u00f4\u017ee upevni\u0165 si d\u00f4veru klientov <br> a otvori\u0165 nov\u00e9 spolupr\u00e1ce.<\/p>      <div class=\"form-container\"><form action=\"https:\/\/aliteo.com\/sk\/wp-json\/ws-form\/v1\/submit\" class=\"wsf-form wsf-form-canvas\" id=\"ws-form-1\" data-id=\"9\" data-instance-id=\"1\" method=\"POST\"><\/form><\/div>    <\/div>\n  <\/div>\n\n\n\n<div class=\"wp-block-column is-layout-flow wp-block-column-is-layout-flow\">    <div class=\"nbe-space\" style=\"height:90px\"><\/div>\n  \n\n  <h2 class=\"nbe-small-title\">\n    ALITEO pou\u017e\u00edvaj\u00fa men\u0161ie firmy aj ve\u013ek\u00e9 korpor\u00e1cie.  <\/h2>\n  \n\n    <div class=\"nbe-space\" style=\"height:40px\"><\/div>\n  \n\n                            <div class=\"nbe-references small\">\n                                                            <div class=\"nbe-logo\"><img decoding=\"async\" src=\"https:\/\/aliteo.com\/wp-content\/uploads\/2022\/11\/rudos.png\"><\/div>\n                                                                            <div class=\"nbe-logo\"><img decoding=\"async\" src=\"https:\/\/aliteo.com\/wp-content\/uploads\/2024\/11\/lunys_logo_aliteo.png\"><\/div>\n                                                                            <div class=\"nbe-logo\"><img decoding=\"async\" src=\"https:\/\/aliteo.com\/wp-content\/uploads\/2024\/11\/ice_logo.png\"><\/div>\n                                                                            <div class=\"nbe-logo\"><img decoding=\"async\" src=\"https:\/\/aliteo.com\/wp-content\/uploads\/2022\/11\/KSW.png\"><\/div>\n                                                                            <div class=\"nbe-logo\"><img decoding=\"async\" src=\"https:\/\/aliteo.com\/wp-content\/uploads\/2022\/11\/logo-BAL-3.png\"><\/div>\n                                                                            <div class=\"nbe-logo\"><img decoding=\"async\" src=\"https:\/\/aliteo.com\/wp-content\/uploads\/2022\/11\/respect.png\"><\/div>\n                                                                            <div class=\"nbe-logo\"><img decoding=\"async\" src=\"https:\/\/aliteo.com\/wp-content\/uploads\/2025\/11\/Logo_PLANTEX_web_aliteo-2.png\"><\/div>\n                                                                            <div class=\"nbe-logo\"><img decoding=\"async\" src=\"https:\/\/aliteo.com\/wp-content\/uploads\/2025\/04\/ChatGPT-Image-7.-4.-2025-13_16_15.png\"><\/div>\n                                                                            <div class=\"nbe-logo\"><img decoding=\"async\" src=\"https:\/\/aliteo.com\/wp-content\/uploads\/2025\/06\/conteg_aliteo.png\"><\/div>\n                                                                    <\/div>\n        \n\n    <div class=\"nbe-space\" style=\"height:90px\"><\/div>\n  \n\n  <h2 class=\"nbe-small-title\">\n    \u010co hovoria na\u0161i partneri.  <\/h2>\n  \n\n    <div class=\"nbe-space\" style=\"height:20px\"><\/div>\n  \n\n      <blockquote class=\"nbe-testimonial small\">\n      <p>\u201eKe\u010f s firmami nastavujem nov\u00e9 mana\u017e\u00e9rske procesy, ALITEO je v\u017edy pri tom. Pom\u00e1ha im udr\u017ea\u0165 veci v pohybe a rie\u0161i probl\u00e9my, ktor\u00e9 ich brzdili roky. Odpor\u00fa\u010dam ho bez v\u00e1hania, lebo ho klienti najprv pou\u017e\u00edvaj\u00fa so mnou, a potom si ho chc\u00fa necha\u0165.\u201d<\/p>\n        <cite>\n                      <img decoding=\"async\" class=\"nbe-author-img\" src=\"https:\/\/aliteo.com\/wp-content\/uploads\/2025\/07\/business_partner-kopie2.png\" alt=\"\">\n                      <div class=\"author-info\">\n                <span class=\"nbe-name\">Kate\u0159ina Hor\u00e1kov\u00e1<\/span>\n                <span class=\"nbe-company\">Partner<\/span>\n            <\/div>\n        <\/cite>\n    <\/blockquote>\n  <\/div>\n<\/div>\n\n\n    <div class=\"nbe-space\" style=\"height:80px\"><\/div>\n  \n\n  <div class=\"nbe-container-end\"><\/div>\n  <\/div>    <\/div>  ","protected":false},"excerpt":{"rendered":"<p>Firmy dnes neh\u013eadaj\u00fa len softv\u00e9r \u2013 chc\u00fa rie\u0161enia, ktor\u00e9 im pom\u00f4\u017eu pre\u017ei\u0165 digitaliz\u00e1ciu, zefekt\u00edvni\u0165 spolupr\u00e1cu t\u00edmov a kone\u010dne zavies\u0165 poriadok do projektov, \u00faloh a komunik\u00e1cie. [&hellip;]<\/p>\n","protected":false},"author":2,"featured_media":0,"parent":0,"menu_order":0,"comment_status":"closed","ping_status":"closed","template":"","meta":{"_acf_changed":false,"inline_featured_image":false,"footnotes":""},"acf":[],"yoast_head":"<!-- This site is optimized with the Yoast SEO plugin v22.0 - https:\/\/yoast.com\/wordpress\/plugins\/seo\/ -->\n<title>Implementa\u010dny partner - ALITEO<\/title>\n<meta name=\"robots\" content=\"index, follow, max-snippet:-1, max-image-preview:large, max-video-preview:-1\" \/>\n<link rel=\"canonical\" href=\"https:\/\/aliteo.com\/sk\/implementacny-partner\/\" \/>\n<meta property=\"og:locale\" content=\"sk_SK\" \/>\n<meta property=\"og:type\" content=\"article\" \/>\n<meta property=\"og:title\" content=\"Implementa\u010dny partner - ALITEO\" \/>\n<meta property=\"og:description\" content=\"Firmy dnes neh\u013eadaj\u00fa len softv\u00e9r \u2013 chc\u00fa rie\u0161enia, ktor\u00e9 im pom\u00f4\u017eu pre\u017ei\u0165 digitaliz\u00e1ciu, zefekt\u00edvni\u0165 spolupr\u00e1cu t\u00edmov a kone\u010dne zavies\u0165 poriadok do projektov, \u00faloh a komunik\u00e1cie. [&hellip;]\" \/>\n<meta property=\"og:url\" content=\"https:\/\/aliteo.com\/sk\/implementacny-partner\/\" \/>\n<meta property=\"og:site_name\" content=\"ALITEO\" \/>\n<meta property=\"article:modified_time\" content=\"2025-08-14T11:18:41+00:00\" \/>\n<meta property=\"og:image\" content=\"https:\/\/aliteo.com\/wp-content\/uploads\/2025\/06\/dva-pocitace-1024x437.png\" \/>\n<meta name=\"twitter:card\" content=\"summary_large_image\" \/>\n<meta name=\"twitter:label1\" content=\"Predpokladan\u00fd \u010das \u010d\u00edtania\" \/>\n\t<meta name=\"twitter:data1\" content=\"1 min\u00fata\" \/>\n<script type=\"application\/ld+json\" class=\"yoast-schema-graph\">{\"@context\":\"https:\/\/schema.org\",\"@graph\":[{\"@type\":\"WebPage\",\"@id\":\"https:\/\/aliteo.com\/sk\/implementacny-partner\/\",\"url\":\"https:\/\/aliteo.com\/sk\/implementacny-partner\/\",\"name\":\"Implementa\u010dny partner - ALITEO\",\"isPartOf\":{\"@id\":\"https:\/\/aliteo.com\/#website\"},\"datePublished\":\"2025-07-07T12:23:48+00:00\",\"dateModified\":\"2025-08-14T11:18:41+00:00\",\"inLanguage\":\"sk-SK\",\"potentialAction\":[{\"@type\":\"ReadAction\",\"target\":[\"https:\/\/aliteo.com\/sk\/implementacny-partner\/\"]}]},{\"@type\":\"WebSite\",\"@id\":\"https:\/\/aliteo.com\/#website\",\"url\":\"https:\/\/aliteo.com\/\",\"name\":\"ALITEO.com\",\"description\":\"Just another WordPress site\",\"potentialAction\":[{\"@type\":\"SearchAction\",\"target\":{\"@type\":\"EntryPoint\",\"urlTemplate\":\"https:\/\/aliteo.com\/?s={search_term_string}\"},\"query-input\":\"required name=search_term_string\"}],\"inLanguage\":\"sk-SK\"}]}<\/script>\n<!-- \/ Yoast SEO plugin. -->","yoast_head_json":{"title":"Implementa\u010dny partner - ALITEO","robots":{"index":"index","follow":"follow","max-snippet":"max-snippet:-1","max-image-preview":"max-image-preview:large","max-video-preview":"max-video-preview:-1"},"canonical":"https:\/\/aliteo.com\/sk\/implementacny-partner\/","og_locale":"sk_SK","og_type":"article","og_title":"Implementa\u010dny partner - ALITEO","og_description":"Firmy dnes neh\u013eadaj\u00fa len softv\u00e9r \u2013 chc\u00fa rie\u0161enia, ktor\u00e9 im pom\u00f4\u017eu pre\u017ei\u0165 digitaliz\u00e1ciu, zefekt\u00edvni\u0165 spolupr\u00e1cu t\u00edmov a kone\u010dne zavies\u0165 poriadok do projektov, \u00faloh a komunik\u00e1cie. [&hellip;]","og_url":"https:\/\/aliteo.com\/sk\/implementacny-partner\/","og_site_name":"ALITEO","article_modified_time":"2025-08-14T11:18:41+00:00","og_image":[{"url":"https:\/\/aliteo.com\/wp-content\/uploads\/2025\/06\/dva-pocitace-1024x437.png"}],"twitter_card":"summary_large_image","twitter_misc":{"Predpokladan\u00fd \u010das \u010d\u00edtania":"1 min\u00fata"},"schema":{"@context":"https:\/\/schema.org","@graph":[{"@type":"WebPage","@id":"https:\/\/aliteo.com\/sk\/implementacny-partner\/","url":"https:\/\/aliteo.com\/sk\/implementacny-partner\/","name":"Implementa\u010dny partner - ALITEO","isPartOf":{"@id":"https:\/\/aliteo.com\/#website"},"datePublished":"2025-07-07T12:23:48+00:00","dateModified":"2025-08-14T11:18:41+00:00","inLanguage":"sk-SK","potentialAction":[{"@type":"ReadAction","target":["https:\/\/aliteo.com\/sk\/implementacny-partner\/"]}]},{"@type":"WebSite","@id":"https:\/\/aliteo.com\/#website","url":"https:\/\/aliteo.com\/","name":"ALITEO.com","description":"Just another WordPress site","potentialAction":[{"@type":"SearchAction","target":{"@type":"EntryPoint","urlTemplate":"https:\/\/aliteo.com\/?s={search_term_string}"},"query-input":"required name=search_term_string"}],"inLanguage":"sk-SK"}]}},"_links":{"self":[{"href":"https:\/\/aliteo.com\/sk\/wp-json\/wp\/v2\/pages\/4302"}],"collection":[{"href":"https:\/\/aliteo.com\/sk\/wp-json\/wp\/v2\/pages"}],"about":[{"href":"https:\/\/aliteo.com\/sk\/wp-json\/wp\/v2\/types\/page"}],"author":[{"embeddable":true,"href":"https:\/\/aliteo.com\/sk\/wp-json\/wp\/v2\/users\/2"}],"replies":[{"embeddable":true,"href":"https:\/\/aliteo.com\/sk\/wp-json\/wp\/v2\/comments?post=4302"}],"version-history":[{"count":12,"href":"https:\/\/aliteo.com\/sk\/wp-json\/wp\/v2\/pages\/4302\/revisions"}],"predecessor-version":[{"id":4425,"href":"https:\/\/aliteo.com\/sk\/wp-json\/wp\/v2\/pages\/4302\/revisions\/4425"}],"wp:attachment":[{"href":"https:\/\/aliteo.com\/sk\/wp-json\/wp\/v2\/media?parent=4302"}],"curies":[{"name":"wp","href":"https:\/\/api.w.org\/{rel}","templated":true}]}}