{"id":2181,"date":"2022-12-02T18:54:55","date_gmt":"2022-12-02T18:54:55","guid":{"rendered":"https:\/\/aliteo.com\/ochrana-osobnych-udajov-gdpr\/"},"modified":"2026-03-02T11:38:58","modified_gmt":"2026-03-02T11:38:58","slug":"ochrana-osobnych-udajov-gdpr","status":"publish","type":"page","link":"https:\/\/aliteo.com\/sk\/ochrana-osobnych-udajov-gdpr\/","title":{"rendered":"Ochrana osobn\u00fdch \u00fadajov - GDPR"},"content":{"rendered":"\n<div style=\"height:100px\" aria-hidden=\"true\" class=\"wp-block-spacer\"><\/div>\n\n\n\n<h3 class=\"wp-block-heading\">Ochrana osobn\u00fdch \u00fadajov - GDPR<\/h3>\n\n\n\n<p>KARAT Software a.s., so s\u00eddlom Dvo\u0159\u00e1kova 2881\/77, P\u0159erov, I\u010c 25352687 a za \u00fa\u010delom zaistenia transparentnosti spracovania osobn\u00fdch \u00fadajov a splnenia legislat\u00edvnych povinnost\u00ed informujeme t\u00fdmto V\u00e1s, na\u0161ich partnerov, o spracovan\u00ed Va\u0161ich osobn\u00fdch \u00fadajov. Preto sme pre V\u00e1s pripravili tento dokument, v ktorom n\u00e1jdete v\u0161etky potrebn\u00e9 inform\u00e1cie v s\u00falade s Nariaden\u00edm Eur\u00f3pskeho parlamentu a Rady (E\u00da) 2016\/679 zo d\u0148a 27. apr\u00edla 2016, v\u0161eobecn\u00e9 nariadenie o ochrane osobn\u00fdch \u00fadajov (\u010falej len GDPR, alebo Nariadenie).<\/p>\n\n\n\n<h4 class=\"wp-block-heading\">Kto sme vo vz\u0165ahu k osobn\u00fdm \u00fadajom?<\/h4>\n\n\n\n<p>Vo vz\u0165ahu k nami spracov\u00e1van\u00fdm osobn\u00fdm \u00fadajom sme prim\u00e1rne v poz\u00edcii spr\u00e1vcu. S\u00fa pr\u00edpady, kedy m\u00f4\u017eeme by\u0165 taktie\u017e v poz\u00edcii spracovate\u013ea, a v takom pr\u00edpade s Vami uzavierame, ako so spr\u00e1vcom, zmluvu o spracovan\u00ed osobn\u00fdch \u00fadajov. V pr\u00edpadoch, kedy k Va\u0161im d\u00e1tam pristupujeme iba v r\u00e1mci servisu, nie sme v zmysle Nariadenia spracovate\u013eom osobn\u00fdch \u00fadajov.<\/p>\n\n\n\n<h4 class=\"wp-block-heading\">Ak\u00e9 osobn\u00e9 \u00fadaje o V\u00e1s spracov\u00e1vame a pre\u010do?<\/h4>\n\n\n\n<p>V r\u00e1mci na\u0161ej \u010dinnosti m\u00f4\u017eeme spracov\u00e1va\u0165 osobn\u00e9 \u00fadaje z\u00edskan\u00e9 od V\u00e1s pr\u00edpadne z verejn\u00fdch zdrojov. Jedn\u00e1 sa najm\u00e4 o nasleduj\u00face:<\/p>\n\n\n\n<p>Patria medzi ne:<\/p>\n\n\n\n<ul>\n<li>meno a priezvisko, pracovn\u00e9 zaradenie, adresa, e-mail, telef\u00f3n, \u010d\u00edslo \u00fa\u010dtu, I\u010c a DI\u010c, IP adresy a z\u00e1znamy o komunik\u00e1cii v r\u00e1mci ponuky a predaja na\u0161ich produktov a slu\u017eieb, alebo poskytovanie produktov a slu\u017eieb, tak aby sme mohli riadne plni\u0165 zmluvu uzatvoren\u00fa s Vami a z\u00e1rove\u0148 V\u00e1s informova\u0165 o novink\u00e1ch v r\u00e1mci na\u0161ich produktov a slu\u017eieb, \u010do je na\u0161\u00edm opr\u00e1vnen\u00fdm z\u00e1ujmom. Samozrejmos\u0165ou je, \u017ee odoberanie noviniek m\u00f4\u017eete kedyko\u013evek odmietnu\u0165.<\/li>\n\n\n\n<li>inform\u00e1cie o Va\u0161om prehliadan\u00ed na\u0161ich webov\u00fdch str\u00e1nok, ktor\u00e9 zhroma\u017e\u010fujeme prostredn\u00edctvom cookies. Cookies, ktor\u00e9 s\u00fa z\u00edskan\u00e9 prostredn\u00edctvom V\u00e1\u0161ho internetov\u00e9ho prehliada\u010da vo chv\u00edli, kedy nav\u0161t\u00edvite na\u0161e webov\u00e9 str\u00e1nky, s\u00fa spravidla vyu\u017e\u00edvan\u00e9 webov\u00fdmi str\u00e1nkami pre zlep\u0161enie V\u00e1\u0161ho u\u017e\u00edvate\u013esk\u00e9ho z\u00e1\u017eitku tak, \u017ee umo\u017en\u00ed str\u00e1nkam si V\u00e1s pam\u00e4ta\u0165 bu\u010f striktne po dobu trvania Va\u0161ej n\u00e1v\u0161tevy (za vyu\u017eitia \u201esession\u201c cookie, ktor\u00e1 je vymazan\u00e1 vo chv\u00edli, kedy zatvor\u00edte webov\u00fd prehliada\u010d), alebo si V\u00e1s bude pam\u00e4ta\u0165 pri viacer\u00fdch Va\u0161ich n\u00e1v\u0161tev\u00e1ch (za vyu\u017eitia \u201epermanentn\u00e9ho\u201c cookie). Vyu\u017e\u00edvan\u00edm na\u0161ich str\u00e1nok n\u00e1m d\u00e1vate s\u00fahlas k pou\u017e\u00edvaniu cookies tak, ako sme pop\u00edsali vy\u0161\u0161ie. Pokia\u013e si neprajete prij\u00edma\u0165 cookies z na\u0161ich str\u00e1nok alebo by ste radi zastavili ukladanie permanentn\u00fdch cookies do V\u00e1\u0161ho po\u010d\u00edta\u010da v bud\u00facnosti, m\u00f4\u017eete zmeni\u0165 nastavenie vo Va\u0161om prehliada\u010di.<\/li>\n<\/ul>\n\n\n\n<p>Pokia\u013e budeme chcie\u0165 Va\u0161e \u00fadaje odovzda\u0165 na\u0161\u00edm partnerom, pr\u00edpadne vyu\u017ei\u0165 k informovan\u00ed o novink\u00e1ch, ktor\u00e9 priamo nes\u00favisia s na\u0161imi produktmi a slu\u017ebami, v\u017edy si od V\u00e1s pre tento \u00fa\u010del vy\u017eiadame s\u00fahlas.<\/p>\n\n\n\n<h4 class=\"wp-block-heading\">Komu Va\u0161e \u00fadaje odovzd\u00e1vame?<\/h4>\n\n\n\n<p>S Va\u0161imi \u00fadajmi sa m\u00f4\u017ee zozn\u00e1mi\u0165 n\u00e1\u0161 spracovate\u013e, ktor\u00e9ho vyu\u017e\u00edvame pre spracov\u00e1vanie da\u0148ov\u00fdch, \u00fa\u010dtovn\u00fdch a mzdov\u00fdch evidenci\u00ed, ale v\u017edy m\u00e1me s tak\u00fdmto subjektom uzatvoren\u00fa zmluvu o spracovan\u00ed osobn\u00fdch \u00fadajov v s\u00falade s Nariaden\u00edm.<\/p>\n\n\n\n<p>Do \u017eiadnej tretej zeme ani medzin\u00e1rodn\u00fdch organiz\u00e1ci\u00ed Va\u0161e \u00fadaje neposkytujme.<\/p>\n\n\n\n<h4 class=\"wp-block-heading\">Ako dlho Va\u0161e \u00fadaje uchov\u00e1vame?<\/h4>\n\n\n\n<p>Va\u0161e \u00fadaje budeme uchov\u00e1va\u0165 po dobu \u00fa\u010delu ich spracovania, teda po dobu trvania zmluvy a \u010falej po dobu, ktor\u00fa vy\u017eaduj\u00fa pr\u00edslu\u0161n\u00e9 pr\u00e1vne predpisy (najm\u00e4 z\u00e1kon o \u00fa\u010dtovn\u00edctve, z\u00e1kon o DPH), respekt\u00edve n\u00e1\u0161 opr\u00e1vnen\u00fd z\u00e1ujem na ochranu na\u0161ich pr\u00e1v v pr\u00edpade reklam\u00e1ci\u00ed \u010di mo\u017en\u00fdch sporov, teda po dobu po\u010das pr\u00edslu\u0161n\u00fdch preml\u010dac\u00edch leh\u00f4t.<\/p>\n\n\n\n<h4 class=\"wp-block-heading\">Ak\u00e9 m\u00e1te pr\u00e1va?<\/h4>\n\n\n\n<p>V s\u00falade s Nariaden\u00edm m\u00e1te nasleduj\u00face pr\u00e1va:<\/p>\n\n\n\n<ul>\n<li>pokia\u013e realizujeme niektor\u00e9 zo spracovan\u00ed na z\u00e1klade V\u00e1\u0161ho s\u00fahlasu, m\u00f4\u017eete tento s\u00fahlas kedyko\u013evek odvola\u0165, a to na dole uveden\u00fdch kontaktoch;<\/li>\n\n\n\n<li>na pr\u00edstup k Va\u0161im osobn\u00fdm \u00fadajom, za \u00fa\u010delom zistenia, o ak\u00e9 osobn\u00e9 \u00fadaje o V\u00e1s spracov\u00e1vame;<\/li>\n\n\n\n<li>na opravu nepresn\u00fdch \u00fadajov;<\/li>\n\n\n\n<li>na odstr\u00e1nenie osobn\u00fdch \u00fadajov, tam kde je to opr\u00e1vnen\u00e9 a mo\u017en\u00e9;<\/li>\n\n\n\n<li>na obmedzenie spracovania Va\u0161ich osobn\u00fdch \u00fadajov v pr\u00edpadoch predpokladan\u00fdch Nariaden\u00edm v s\u00falade s \u010dl\u00e1nkom 18;<\/li>\n\n\n\n<li>v pr\u00edpade, \u017ee automatizovane spracov\u00e1vame Va\u0161e osobn\u00e9 \u00fadaje v s\u00favislosti s poskytovan\u00edm slu\u017eieb na z\u00e1klade zmluvy \u010di na z\u00e1klade V\u00e1\u0161ho s\u00fahlasu, m\u00e1te pr\u00e1vo od n\u00e1s tieto \u00fadaje z\u00edska\u0165 v \u0161trukt\u00farovanom, be\u017ene pou\u017e\u00edvanom a strojovo \u010ditate\u013enom form\u00e1te <\/li>\n\n\n\n<li>vznies\u0165 n\u00e1mietku proti spracovaniu Va\u0161ich osobn\u00fdch \u00fadajov, a to najm\u00e4 v pr\u00edpadoch, kedy ste nemohli ovplyvni\u0165 ich spracovanie (napr. v pr\u00edpade n\u00e1\u0161ho opr\u00e1vnen\u00e9ho z\u00e1ujmu);<\/li>\n\n\n\n<li>neby\u0165 predmetom \u017eiadneho rozhodnutia zalo\u017een\u00e9ho v\u00fdhradne na automatizovanom spracovan\u00ed, vr\u00e1tane profilovania, ktor\u00e9 m\u00e1 pre neho pr\u00e1vne \u00fa\u010dinky alebo sa ho obdobn\u00fdm sp\u00f4sobom v\u00fdznamne dot\u00fdka;<\/li>\n\n\n\n<li>okia\u013e si mysl\u00edte, \u017ee doch\u00e1dza k&nbsp;neopr\u00e1vnen\u00e9mu spracovaniu Va\u0161ich osobn\u00fdch \u00fadajov, m\u00f4\u017eete sa obr\u00e1ti\u0165 so s\u0165a\u017enos\u0165ami na dozorn\u00fd org\u00e1n, ktor\u00fdm je pre \u00fazemie \u010ceskej republiky \u00darad pre ochranu osobn\u00fdch \u00fadajov (<a href=\"http:\/\/www.uoou.cz\/\">www.uoou.cz<\/a>).<\/li>\n<\/ul>\n\n\n\n<h4 class=\"wp-block-heading\">Zabezpe\u010denie osobn\u00fdch \u00fadajov<\/h4>\n\n\n\n<p>Bezpe\u010dnos\u0165 osobn\u00fdch \u00fadajov je pre n\u00e1s na prvom mieste. Z\u00e1kladom je, \u017ee v\u0161etci na\u0161i pracovn\u00edci alebo zmluvn\u00fd spracovatelia, s\u00fa viazan\u00fd ml\u010danlivos\u0165ou a s\u00fa \u0161kolen\u00fd na problematiku bezpe\u010dnosti inform\u00e1ci\u00ed a ochrany osobn\u00fdch \u00fadajov. Striktne riadime pr\u00edstupov\u00e9 opr\u00e1vnenia\u2013 na \u00farovni fyzick\u00e9ho i logick\u00e9ho pr\u00edstupu. Pribe\u017ene vykon\u00e1vame anal\u00fdzu riz\u00edk bezpe\u010dnosti inform\u00e1ci\u00ed a ochrany osobn\u00fdch \u00fadajov, na z\u00e1klade tejto anal\u00fdzy navrhujeme a prij\u00edmame potrebn\u00e9 opatrenia.<\/p>\n\n\n\n<p><\/p>\n\n\n\n<h4 class=\"wp-block-heading\">Ako n\u00e1s m\u00f4\u017eete kontaktova\u0165?<\/h4>\n\n\n\n<p>Ak\u00e9ko\u013evek Va\u0161e ot\u00e1zky, pripomienky \u010di \u017eiadosti smerujte na adresu&nbsp;<a href=\"mailto:info@aliteo.com\">info@sliteo.com<\/a>, pr\u00edpadne p\u00edsomne na&nbsp;<a href=\"https:\/\/www.karatsoftware.sk\/kontakt-1\">adresu n\u00e1\u0161ho s\u00eddla<\/a>.<\/p>\n\n\n\n<div style=\"height:100px\" aria-hidden=\"true\" class=\"wp-block-spacer\"><\/div>\n","protected":false},"excerpt":{"rendered":"<p>Ochrana osobn\u00fdch \u00fadajov - GDPR KARAT Software a.s., so s\u00eddlom Dvo\u0159\u00e1kova 2881\/77, P\u0159erov, I\u010c 25352687 a za \u00fa\u010delom zaistenia transparentnosti spracovania osobn\u00fdch \u00fadajov a splnenia [&hellip;]<\/p>\n","protected":false},"author":1,"featured_media":0,"parent":0,"menu_order":0,"comment_status":"closed","ping_status":"closed","template":"","meta":{"_acf_changed":false,"inline_featured_image":false,"footnotes":""},"acf":[],"yoast_head":"<!-- This site is optimized with the Yoast SEO plugin v22.0 - https:\/\/yoast.com\/wordpress\/plugins\/seo\/ -->\n<title>Ochrana osobn\u00fdch \u00fadajov - GDPR - ALITEO<\/title>\n<meta name=\"robots\" content=\"index, follow, max-snippet:-1, max-image-preview:large, max-video-preview:-1\" \/>\n<link rel=\"canonical\" href=\"https:\/\/aliteo.com\/sk\/ochrana-osobnych-udajov-gdpr\/\" \/>\n<meta property=\"og:locale\" content=\"sk_SK\" \/>\n<meta property=\"og:type\" content=\"article\" \/>\n<meta property=\"og:title\" content=\"Ochrana osobn\u00fdch \u00fadajov - GDPR - ALITEO\" \/>\n<meta property=\"og:description\" content=\"Ochrana osobn\u00fdch \u00fadajov - GDPR KARAT Software a.s., so s\u00eddlom Dvo\u0159\u00e1kova 2881\/77, P\u0159erov, I\u010c 25352687 a za \u00fa\u010delom zaistenia transparentnosti spracovania osobn\u00fdch \u00fadajov a splnenia [&hellip;]\" \/>\n<meta property=\"og:url\" content=\"https:\/\/aliteo.com\/sk\/ochrana-osobnych-udajov-gdpr\/\" \/>\n<meta property=\"og:site_name\" content=\"ALITEO\" \/>\n<meta property=\"article:modified_time\" content=\"2026-03-02T11:38:58+00:00\" \/>\n<meta name=\"twitter:card\" content=\"summary_large_image\" \/>\n<meta name=\"twitter:label1\" content=\"Predpokladan\u00fd \u010das \u010d\u00edtania\" \/>\n\t<meta name=\"twitter:data1\" content=\"5 min\u00fat\" \/>\n<script type=\"application\/ld+json\" class=\"yoast-schema-graph\">{\"@context\":\"https:\/\/schema.org\",\"@graph\":[{\"@type\":\"WebPage\",\"@id\":\"https:\/\/aliteo.com\/sk\/ochrana-osobnych-udajov-gdpr\/\",\"url\":\"https:\/\/aliteo.com\/sk\/ochrana-osobnych-udajov-gdpr\/\",\"name\":\"Ochrana osobn\u00fdch \u00fadajov - GDPR - ALITEO\",\"isPartOf\":{\"@id\":\"https:\/\/aliteo.com\/#website\"},\"datePublished\":\"2022-12-02T18:54:55+00:00\",\"dateModified\":\"2026-03-02T11:38:58+00:00\",\"inLanguage\":\"sk-SK\",\"potentialAction\":[{\"@type\":\"ReadAction\",\"target\":[\"https:\/\/aliteo.com\/sk\/ochrana-osobnych-udajov-gdpr\/\"]}]},{\"@type\":\"WebSite\",\"@id\":\"https:\/\/aliteo.com\/#website\",\"url\":\"https:\/\/aliteo.com\/\",\"name\":\"ALITEO.com\",\"description\":\"Just another WordPress site\",\"potentialAction\":[{\"@type\":\"SearchAction\",\"target\":{\"@type\":\"EntryPoint\",\"urlTemplate\":\"https:\/\/aliteo.com\/?s={search_term_string}\"},\"query-input\":\"required name=search_term_string\"}],\"inLanguage\":\"sk-SK\"}]}<\/script>\n<!-- \/ Yoast SEO plugin. -->","yoast_head_json":{"title":"Ochrana osobn\u00fdch \u00fadajov - GDPR - ALITEO","robots":{"index":"index","follow":"follow","max-snippet":"max-snippet:-1","max-image-preview":"max-image-preview:large","max-video-preview":"max-video-preview:-1"},"canonical":"https:\/\/aliteo.com\/sk\/ochrana-osobnych-udajov-gdpr\/","og_locale":"sk_SK","og_type":"article","og_title":"Ochrana osobn\u00fdch \u00fadajov - GDPR - ALITEO","og_description":"Ochrana osobn\u00fdch \u00fadajov - GDPR KARAT Software a.s., so s\u00eddlom Dvo\u0159\u00e1kova 2881\/77, P\u0159erov, I\u010c 25352687 a za \u00fa\u010delom zaistenia transparentnosti spracovania osobn\u00fdch \u00fadajov a splnenia [&hellip;]","og_url":"https:\/\/aliteo.com\/sk\/ochrana-osobnych-udajov-gdpr\/","og_site_name":"ALITEO","article_modified_time":"2026-03-02T11:38:58+00:00","twitter_card":"summary_large_image","twitter_misc":{"Predpokladan\u00fd \u010das \u010d\u00edtania":"5 min\u00fat"},"schema":{"@context":"https:\/\/schema.org","@graph":[{"@type":"WebPage","@id":"https:\/\/aliteo.com\/sk\/ochrana-osobnych-udajov-gdpr\/","url":"https:\/\/aliteo.com\/sk\/ochrana-osobnych-udajov-gdpr\/","name":"Ochrana osobn\u00fdch \u00fadajov - GDPR - ALITEO","isPartOf":{"@id":"https:\/\/aliteo.com\/#website"},"datePublished":"2022-12-02T18:54:55+00:00","dateModified":"2026-03-02T11:38:58+00:00","inLanguage":"sk-SK","potentialAction":[{"@type":"ReadAction","target":["https:\/\/aliteo.com\/sk\/ochrana-osobnych-udajov-gdpr\/"]}]},{"@type":"WebSite","@id":"https:\/\/aliteo.com\/#website","url":"https:\/\/aliteo.com\/","name":"ALITEO.com","description":"Just another WordPress site","potentialAction":[{"@type":"SearchAction","target":{"@type":"EntryPoint","urlTemplate":"https:\/\/aliteo.com\/?s={search_term_string}"},"query-input":"required name=search_term_string"}],"inLanguage":"sk-SK"}]}},"_links":{"self":[{"href":"https:\/\/aliteo.com\/sk\/wp-json\/wp\/v2\/pages\/2181"}],"collection":[{"href":"https:\/\/aliteo.com\/sk\/wp-json\/wp\/v2\/pages"}],"about":[{"href":"https:\/\/aliteo.com\/sk\/wp-json\/wp\/v2\/types\/page"}],"author":[{"embeddable":true,"href":"https:\/\/aliteo.com\/sk\/wp-json\/wp\/v2\/users\/1"}],"replies":[{"embeddable":true,"href":"https:\/\/aliteo.com\/sk\/wp-json\/wp\/v2\/comments?post=2181"}],"version-history":[{"count":2,"href":"https:\/\/aliteo.com\/sk\/wp-json\/wp\/v2\/pages\/2181\/revisions"}],"predecessor-version":[{"id":2223,"href":"https:\/\/aliteo.com\/sk\/wp-json\/wp\/v2\/pages\/2181\/revisions\/2223"}],"wp:attachment":[{"href":"https:\/\/aliteo.com\/sk\/wp-json\/wp\/v2\/media?parent=2181"}],"curies":[{"name":"wp","href":"https:\/\/api.w.org\/{rel}","templated":true}]}}