{"id":1026,"date":"2022-11-28T14:44:56","date_gmt":"2022-11-28T14:44:56","guid":{"rendered":"https:\/\/aliteo.com\/?page_id=1026"},"modified":"2023-06-16T07:39:43","modified_gmt":"2023-06-16T07:39:43","slug":"1026-2","status":"publish","type":"page","link":"https:\/\/aliteo.com\/sk\/1026-2\/","title":{"rendered":"Intergr\u00e1cia"},"content":{"rendered":"\n<div style=\"height:100px\" aria-hidden=\"true\" class=\"wp-block-spacer\"><\/div>\n\n\n\n<h3 class=\"wp-block-heading\">Intergr\u00e1cia<\/h3>\n","protected":false},"excerpt":{"rendered":"<p>Intergr\u00e1cia<\/p>\n","protected":false},"author":2,"featured_media":0,"parent":0,"menu_order":0,"comment_status":"closed","ping_status":"closed","template":"","meta":{"_acf_changed":false,"inline_featured_image":false,"footnotes":""},"acf":[],"yoast_head":"<!-- This site is optimized with the Yoast SEO plugin v22.0 - https:\/\/yoast.com\/wordpress\/plugins\/seo\/ -->\n<title>Intergr\u00e1cia - ALITEO<\/title>\n<meta name=\"robots\" content=\"index, follow, max-snippet:-1, max-image-preview:large, max-video-preview:-1\" \/>\n<link rel=\"canonical\" href=\"https:\/\/aliteo.com\/sk\/1026-2\/\" \/>\n<meta property=\"og:locale\" content=\"sk_SK\" \/>\n<meta property=\"og:type\" content=\"article\" \/>\n<meta property=\"og:title\" content=\"Intergr\u00e1cia - ALITEO\" \/>\n<meta property=\"og:description\" content=\"Intergr\u00e1cia\" \/>\n<meta property=\"og:url\" content=\"https:\/\/aliteo.com\/sk\/1026-2\/\" \/>\n<meta property=\"og:site_name\" content=\"ALITEO\" \/>\n<meta property=\"article:modified_time\" content=\"2023-06-16T07:39:43+00:00\" \/>\n<meta name=\"twitter:card\" content=\"summary_large_image\" \/>\n<meta name=\"twitter:label1\" content=\"Predpokladan\u00fd \u010das \u010d\u00edtania\" \/>\n\t<meta name=\"twitter:data1\" content=\"1 min\u00fata\" \/>\n<script type=\"application\/ld+json\" class=\"yoast-schema-graph\">{\"@context\":\"https:\/\/schema.org\",\"@graph\":[{\"@type\":\"WebPage\",\"@id\":\"https:\/\/aliteo.com\/sk\/1026-2\/\",\"url\":\"https:\/\/aliteo.com\/sk\/1026-2\/\",\"name\":\"Intergr\u00e1cia - ALITEO\",\"isPartOf\":{\"@id\":\"https:\/\/aliteo.com\/#website\"},\"datePublished\":\"2022-11-28T14:44:56+00:00\",\"dateModified\":\"2023-06-16T07:39:43+00:00\",\"inLanguage\":\"sk-SK\",\"potentialAction\":[{\"@type\":\"ReadAction\",\"target\":[\"https:\/\/aliteo.com\/sk\/1026-2\/\"]}]},{\"@type\":\"WebSite\",\"@id\":\"https:\/\/aliteo.com\/#website\",\"url\":\"https:\/\/aliteo.com\/\",\"name\":\"ALITEO.com\",\"description\":\"Just another WordPress site\",\"potentialAction\":[{\"@type\":\"SearchAction\",\"target\":{\"@type\":\"EntryPoint\",\"urlTemplate\":\"https:\/\/aliteo.com\/?s={search_term_string}\"},\"query-input\":\"required name=search_term_string\"}],\"inLanguage\":\"sk-SK\"}]}<\/script>\n<!-- \/ Yoast SEO plugin. -->","yoast_head_json":{"title":"Intergr\u00e1cia - ALITEO","robots":{"index":"index","follow":"follow","max-snippet":"max-snippet:-1","max-image-preview":"max-image-preview:large","max-video-preview":"max-video-preview:-1"},"canonical":"https:\/\/aliteo.com\/sk\/1026-2\/","og_locale":"sk_SK","og_type":"article","og_title":"Intergr\u00e1cia - ALITEO","og_description":"Intergr\u00e1cia","og_url":"https:\/\/aliteo.com\/sk\/1026-2\/","og_site_name":"ALITEO","article_modified_time":"2023-06-16T07:39:43+00:00","twitter_card":"summary_large_image","twitter_misc":{"Predpokladan\u00fd \u010das \u010d\u00edtania":"1 min\u00fata"},"schema":{"@context":"https:\/\/schema.org","@graph":[{"@type":"WebPage","@id":"https:\/\/aliteo.com\/sk\/1026-2\/","url":"https:\/\/aliteo.com\/sk\/1026-2\/","name":"Intergr\u00e1cia - ALITEO","isPartOf":{"@id":"https:\/\/aliteo.com\/#website"},"datePublished":"2022-11-28T14:44:56+00:00","dateModified":"2023-06-16T07:39:43+00:00","inLanguage":"sk-SK","potentialAction":[{"@type":"ReadAction","target":["https:\/\/aliteo.com\/sk\/1026-2\/"]}]},{"@type":"WebSite","@id":"https:\/\/aliteo.com\/#website","url":"https:\/\/aliteo.com\/","name":"ALITEO.com","description":"Just another WordPress site","potentialAction":[{"@type":"SearchAction","target":{"@type":"EntryPoint","urlTemplate":"https:\/\/aliteo.com\/?s={search_term_string}"},"query-input":"required name=search_term_string"}],"inLanguage":"sk-SK"}]}},"_links":{"self":[{"href":"https:\/\/aliteo.com\/sk\/wp-json\/wp\/v2\/pages\/1026"}],"collection":[{"href":"https:\/\/aliteo.com\/sk\/wp-json\/wp\/v2\/pages"}],"about":[{"href":"https:\/\/aliteo.com\/sk\/wp-json\/wp\/v2\/types\/page"}],"author":[{"embeddable":true,"href":"https:\/\/aliteo.com\/sk\/wp-json\/wp\/v2\/users\/2"}],"replies":[{"embeddable":true,"href":"https:\/\/aliteo.com\/sk\/wp-json\/wp\/v2\/comments?post=1026"}],"version-history":[{"count":3,"href":"https:\/\/aliteo.com\/sk\/wp-json\/wp\/v2\/pages\/1026\/revisions"}],"predecessor-version":[{"id":1559,"href":"https:\/\/aliteo.com\/sk\/wp-json\/wp\/v2\/pages\/1026\/revisions\/1559"}],"wp:attachment":[{"href":"https:\/\/aliteo.com\/sk\/wp-json\/wp\/v2\/media?parent=1026"}],"curies":[{"name":"wp","href":"https:\/\/api.w.org\/{rel}","templated":true}]}}